{"id":498,"date":"2010-09-25T17:50:25","date_gmt":"2010-09-25T16:50:25","guid":{"rendered":"http:\/\/dfb.funimag.com\/?page_id=498"},"modified":"2015-02-15T09:36:51","modified_gmt":"2015-02-15T08:36:51","slug":"the-videos-of-the-section-gletsch-oberwald-22-august-2010","status":"publish","type":"page","link":"https:\/\/dfb.funimag.com\/index.php\/section-oberwald-gletsch\/the-videos-of-the-section-gletsch-oberwald-22-august-2010\/","title":{"rendered":"The videos of the section Gletsch &#8211; Oberwald (22 August 2010)"},"content":{"rendered":"<p><strong>DFB &#8211; The videos of the section Gletsch &#8211; Oberwald\u00a0(22 August 2010)<br \/>\n<em>DFB &#8211; Les vid\u00e9os de la section Gletsch &#8211; Oberwald (22 ao\u00fbt 2010) <\/em><\/strong><\/p>\n<p><em>Le 12 ao\u00fbt 2010 \u00e9tait enfin mise en service la troisi\u00e8me et derni\u00e8re section de la Ligne Sommitale de la Furka entre Gletsch et Oberwald.<br \/>\nEn voici enfin les vid\u00e9os !<\/em><br \/>\nOn August 12, 2010, at least,\u00a0 the third and last section of the Furka Cogwheel Steam Railway was unveiled between Gletsch and Oberwald.<br \/>\nHere are the videos!<\/p>\n<p style=\"text-align: left;\"><strong>DFB 02 &#8211; From Gletsch to Oberwald (1\/2)<\/strong><br \/>\nAt 1:00 level crossing on the Furka road<br \/>\nAt 3:20 note, on the right, the track after the exit of the helical tunnel and the bridge over the Rhone river.<br \/>\nAt 3:40 the entrance in the helical tunnel<br \/>\nAt 4:30 the cylinder tank filled with water from the mountain and which is used to feed the sprinklers arranged all along the line in the wonderful Oberwald forest.<br \/>\n<iframe loading=\"lazy\" width=\"560\" height=\"315\" src=\"https:\/\/www.youtube.com\/embed\/rR9Es3qhfCI\" frameborder=\"0\" allowfullscreen><\/iframe>\n<\/p>\n<p style=\"text-align: left;\"><strong>DFB 03 &#8211; From Gletsch to Oberwald (2\/2)<\/strong><br \/>\nThe crossing of the Oberwald forest.<br \/>\nAt 0:30 the bridge over the Furka road.<br \/>\nAt 3:30 the sprinklers all along the right side of the track which are used in case of fire in the forest.<br \/>\nAt 4:47 a marmot runs on the green grass and hides int the stones.<br \/>\nNote the&#8230;&#8230; arrival over Oberwald which is the first village of the wonderful Goms valley. Then<br \/>\nthe level crossing (with retractable cog) on the Furka road before the<br \/>\nfinal arrival at Oberwald station where Dampfbahn Furka Bergstrecke<br \/>\n(DFB) joins the Matterhorn Gotthard Bahn (MGB) (Glacier Express).<br \/>\n<iframe loading=\"lazy\" width=\"560\" height=\"315\" src=\"https:\/\/www.youtube.com\/embed\/QAJ9LzTWTVM\" frameborder=\"0\" allowfullscreen><\/iframe>\n<\/p>\n<p style=\"text-align: left;\"><strong>DFB 04 &#8211; Level crossing with retractable cog at Oberwald (1\/2)<\/strong><br \/>\nThe section Gletsch -Oberwald at least was opened on August 13, 2010 after quite 30 years of the association. A level crossing with retractable cog has been installed at Oberwald to cross the Furka road.<br \/>\n<iframe loading=\"lazy\" width=\"560\" height=\"315\" src=\"https:\/\/www.youtube.com\/embed\/be0TFetw1F0\" frameborder=\"0\" allowfullscreen><\/iframe>\n<\/p>\n<p style=\"text-align: left;\"><strong>DFB 05 &#8211; Level crossing with retractable cog at Oberwald (2\/2)<\/strong><br \/>\n<iframe loading=\"lazy\" width=\"560\" height=\"315\" src=\"https:\/\/www.youtube.com\/embed\/jsjx-3MLsDk\" frameborder=\"0\" allowfullscreen><\/iframe>\n<\/p>\n<p style=\"text-align: left;\"><strong>DFB 06 &#8211; On section Gletsch &#8211; Oberwald<\/strong><br \/>\nThe locomotive HG 3\/4 DFB 1 Furkahorn, recovered from D\u00e0-Lat Vietnam, pulls the train along the Gletsch &#8211; Oberwald section.<br \/>\nThe bridge over the Rhone river and the twisting Furka road.<br \/>\nAt 0:17 the train exits from the helical tunnel&#8230;. you can see the wooden doors of the helical tunnel.<br \/>\nAt 3:14 the same traingoes up to &#8230;Gletsch.<br \/>\nAt 5:21 the diesel Tmh 985 cog tractor follows the train to keep an eye in case of fire in the forest.<br \/>\n<iframe loading=\"lazy\" width=\"560\" height=\"315\" src=\"https:\/\/www.youtube.com\/embed\/JixB79ElQws\" frameborder=\"0\" allowfullscreen><\/iframe>\n<\/p>\n<p style=\"text-align: left;\"><strong>DFB 07 &#8211; From Oberwald to Gletsch<\/strong><br \/>\n<iframe loading=\"lazy\" width=\"560\" height=\"315\" src=\"https:\/\/www.youtube.com\/embed\/oCYEeEAlCvg\" frameborder=\"0\" allowfullscreen><\/iframe>\n<\/p>\n<p style=\"text-align: left;\"><strong>DFB 08 &#8211; At Oberwald station<\/strong><br \/>\nAt Oberwald station, the locomotive HG 2\/3 no. 7 Breithorn maneuvers to be at the head of the train for the next departure to Gletsch.<br \/>\n<iframe loading=\"lazy\" width=\"560\" height=\"315\" src=\"https:\/\/www.youtube.com\/embed\/p9H8iCUbYAE\" frameborder=\"0\" allowfullscreen><\/iframe>\n<\/p>\n<p style=\"text-align: left;\"><strong>DFB 01 &#8211; Diesel Locomotive HGm 4\/4 from MGB at Gletsch<\/strong><br \/>\nThe Diesel Locomotive HGm 4\/4 lent by MGB to DFB&#8230; arriving at Gletsch after passing the Furka pass.<br \/>\nNote the Rhone glacier at 0:10 behind the chapel.<br \/>\n<iframe loading=\"lazy\" width=\"560\" height=\"315\" src=\"https:\/\/www.youtube.com\/embed\/uM3FN6WiymU\" frameborder=\"0\" allowfullscreen><\/iframe><\/p>\n","protected":false},"excerpt":{"rendered":"<p>DFB &#8211; The videos of the section Gletsch &#8211; Oberwald\u00a0(22 August 2010) DFB &#8211; Les vid\u00e9os de la section Gletsch &#8211; Oberwald (22 ao\u00fbt 2010) Le 12 ao\u00fbt 2010 \u00e9tait enfin mise en service la troisi\u00e8me et derni\u00e8re section de la Ligne Sommitale de la Furka entre Gletsch et Oberwald. En voici enfin les vid\u00e9os &hellip; <a href=\"https:\/\/dfb.funimag.com\/index.php\/section-oberwald-gletsch\/the-videos-of-the-section-gletsch-oberwald-22-august-2010\/\" class=\"more-link\">Continue reading<span class=\"screen-reader-text\"> &#8220;The videos of the section Gletsch &#8211; Oberwald (22 August 2010)&#8221;<\/span><\/a><\/p>\n","protected":false},"author":2,"featured_media":0,"parent":292,"menu_order":1,"comment_status":"open","ping_status":"closed","template":"","meta":{"footnotes":""},"class_list":["post-498","page","type-page","status-publish","hentry"],"yoast_head":"<!-- This site is optimized with the Yoast SEO plugin v27.5 - https:\/\/yoast.com\/product\/yoast-seo-wordpress\/ -->\n<title>The videos of the section Gletsch - Oberwald (22 August 2010) - Dampfbahn Furka Bergstrecke (DFB)<\/title>\n<meta name=\"description\" content=\"The videos of the section Gletsch - Oberwald (22 August 2010)\" \/>\n<meta name=\"robots\" content=\"index, follow, max-snippet:-1, max-image-preview:large, max-video-preview:-1\" \/>\n<link rel=\"canonical\" href=\"https:\/\/dfb.funimag.com\/index.php\/section-oberwald-gletsch\/the-videos-of-the-section-gletsch-oberwald-22-august-2010\/\" \/>\n<meta property=\"og:locale\" content=\"en_US\" \/>\n<meta property=\"og:type\" content=\"article\" \/>\n<meta property=\"og:title\" content=\"The videos of the section Gletsch - Oberwald (22 August 2010) - Dampfbahn Furka Bergstrecke (DFB)\" \/>\n<meta property=\"og:description\" content=\"The videos of the section Gletsch - Oberwald (22 August 2010)\" \/>\n<meta property=\"og:url\" content=\"https:\/\/dfb.funimag.com\/index.php\/section-oberwald-gletsch\/the-videos-of-the-section-gletsch-oberwald-22-august-2010\/\" \/>\n<meta property=\"og:site_name\" content=\"Dampfbahn Furka Bergstrecke (DFB)\" \/>\n<meta property=\"article:modified_time\" content=\"2015-02-15T08:36:51+00:00\" \/>\n<meta name=\"twitter:label1\" content=\"Est. reading time\" \/>\n\t<meta name=\"twitter:data1\" content=\"2 minutes\" \/>\n<script type=\"application\/ld+json\" class=\"yoast-schema-graph\">{\"@context\":\"https:\\\/\\\/schema.org\",\"@graph\":[{\"@type\":\"WebPage\",\"@id\":\"https:\\\/\\\/dfb.funimag.com\\\/index.php\\\/section-oberwald-gletsch\\\/the-videos-of-the-section-gletsch-oberwald-22-august-2010\\\/\",\"url\":\"https:\\\/\\\/dfb.funimag.com\\\/index.php\\\/section-oberwald-gletsch\\\/the-videos-of-the-section-gletsch-oberwald-22-august-2010\\\/\",\"name\":\"The videos of the section Gletsch - Oberwald (22 August 2010) - Dampfbahn Furka Bergstrecke (DFB)\",\"isPartOf\":{\"@id\":\"https:\\\/\\\/dfb.funimag.com\\\/#website\"},\"datePublished\":\"2010-09-25T16:50:25+00:00\",\"dateModified\":\"2015-02-15T08:36:51+00:00\",\"description\":\"The videos of the section Gletsch - Oberwald (22 August 2010)\",\"breadcrumb\":{\"@id\":\"https:\\\/\\\/dfb.funimag.com\\\/index.php\\\/section-oberwald-gletsch\\\/the-videos-of-the-section-gletsch-oberwald-22-august-2010\\\/#breadcrumb\"},\"inLanguage\":\"en-US\",\"potentialAction\":[{\"@type\":\"ReadAction\",\"target\":[\"https:\\\/\\\/dfb.funimag.com\\\/index.php\\\/section-oberwald-gletsch\\\/the-videos-of-the-section-gletsch-oberwald-22-august-2010\\\/\"]}]},{\"@type\":\"BreadcrumbList\",\"@id\":\"https:\\\/\\\/dfb.funimag.com\\\/index.php\\\/section-oberwald-gletsch\\\/the-videos-of-the-section-gletsch-oberwald-22-august-2010\\\/#breadcrumb\",\"itemListElement\":[{\"@type\":\"ListItem\",\"position\":1,\"name\":\"Home\",\"item\":\"https:\\\/\\\/dfb.funimag.com\\\/\"},{\"@type\":\"ListItem\",\"position\":2,\"name\":\"Section Oberwald &#8211; Gletsch\",\"item\":\"https:\\\/\\\/dfb.funimag.com\\\/index.php\\\/section-oberwald-gletsch\\\/\"},{\"@type\":\"ListItem\",\"position\":3,\"name\":\"The videos of the section Gletsch &#8211; Oberwald (22 August 2010)\"}]},{\"@type\":\"WebSite\",\"@id\":\"https:\\\/\\\/dfb.funimag.com\\\/#website\",\"url\":\"https:\\\/\\\/dfb.funimag.com\\\/\",\"name\":\"Dampfbahn Furka Bergstrecke (DFB)\",\"description\":\"Ligne sommitale de la Furka \\\/ Furka Cogwheel Steam Railway\",\"potentialAction\":[{\"@type\":\"SearchAction\",\"target\":{\"@type\":\"EntryPoint\",\"urlTemplate\":\"https:\\\/\\\/dfb.funimag.com\\\/?s={search_term_string}\"},\"query-input\":{\"@type\":\"PropertyValueSpecification\",\"valueRequired\":true,\"valueName\":\"search_term_string\"}}],\"inLanguage\":\"en-US\"}]}<\/script>\n<!-- \/ Yoast SEO plugin. -->","yoast_head_json":{"title":"The videos of the section Gletsch - Oberwald (22 August 2010) - Dampfbahn Furka Bergstrecke (DFB)","description":"The videos of the section Gletsch - Oberwald (22 August 2010)","robots":{"index":"index","follow":"follow","max-snippet":"max-snippet:-1","max-image-preview":"max-image-preview:large","max-video-preview":"max-video-preview:-1"},"canonical":"https:\/\/dfb.funimag.com\/index.php\/section-oberwald-gletsch\/the-videos-of-the-section-gletsch-oberwald-22-august-2010\/","og_locale":"en_US","og_type":"article","og_title":"The videos of the section Gletsch - Oberwald (22 August 2010) - Dampfbahn Furka Bergstrecke (DFB)","og_description":"The videos of the section Gletsch - Oberwald (22 August 2010)","og_url":"https:\/\/dfb.funimag.com\/index.php\/section-oberwald-gletsch\/the-videos-of-the-section-gletsch-oberwald-22-august-2010\/","og_site_name":"Dampfbahn Furka Bergstrecke (DFB)","article_modified_time":"2015-02-15T08:36:51+00:00","twitter_misc":{"Est. reading time":"2 minutes"},"schema":{"@context":"https:\/\/schema.org","@graph":[{"@type":"WebPage","@id":"https:\/\/dfb.funimag.com\/index.php\/section-oberwald-gletsch\/the-videos-of-the-section-gletsch-oberwald-22-august-2010\/","url":"https:\/\/dfb.funimag.com\/index.php\/section-oberwald-gletsch\/the-videos-of-the-section-gletsch-oberwald-22-august-2010\/","name":"The videos of the section Gletsch - Oberwald (22 August 2010) - Dampfbahn Furka Bergstrecke (DFB)","isPartOf":{"@id":"https:\/\/dfb.funimag.com\/#website"},"datePublished":"2010-09-25T16:50:25+00:00","dateModified":"2015-02-15T08:36:51+00:00","description":"The videos of the section Gletsch - Oberwald (22 August 2010)","breadcrumb":{"@id":"https:\/\/dfb.funimag.com\/index.php\/section-oberwald-gletsch\/the-videos-of-the-section-gletsch-oberwald-22-august-2010\/#breadcrumb"},"inLanguage":"en-US","potentialAction":[{"@type":"ReadAction","target":["https:\/\/dfb.funimag.com\/index.php\/section-oberwald-gletsch\/the-videos-of-the-section-gletsch-oberwald-22-august-2010\/"]}]},{"@type":"BreadcrumbList","@id":"https:\/\/dfb.funimag.com\/index.php\/section-oberwald-gletsch\/the-videos-of-the-section-gletsch-oberwald-22-august-2010\/#breadcrumb","itemListElement":[{"@type":"ListItem","position":1,"name":"Home","item":"https:\/\/dfb.funimag.com\/"},{"@type":"ListItem","position":2,"name":"Section Oberwald &#8211; Gletsch","item":"https:\/\/dfb.funimag.com\/index.php\/section-oberwald-gletsch\/"},{"@type":"ListItem","position":3,"name":"The videos of the section Gletsch &#8211; Oberwald (22 August 2010)"}]},{"@type":"WebSite","@id":"https:\/\/dfb.funimag.com\/#website","url":"https:\/\/dfb.funimag.com\/","name":"Dampfbahn Furka Bergstrecke (DFB)","description":"Ligne sommitale de la Furka \/ Furka Cogwheel Steam Railway","potentialAction":[{"@type":"SearchAction","target":{"@type":"EntryPoint","urlTemplate":"https:\/\/dfb.funimag.com\/?s={search_term_string}"},"query-input":{"@type":"PropertyValueSpecification","valueRequired":true,"valueName":"search_term_string"}}],"inLanguage":"en-US"}]}},"_links":{"self":[{"href":"https:\/\/dfb.funimag.com\/index.php\/wp-json\/wp\/v2\/pages\/498","targetHints":{"allow":["GET"]}}],"collection":[{"href":"https:\/\/dfb.funimag.com\/index.php\/wp-json\/wp\/v2\/pages"}],"about":[{"href":"https:\/\/dfb.funimag.com\/index.php\/wp-json\/wp\/v2\/types\/page"}],"author":[{"embeddable":true,"href":"https:\/\/dfb.funimag.com\/index.php\/wp-json\/wp\/v2\/users\/2"}],"replies":[{"embeddable":true,"href":"https:\/\/dfb.funimag.com\/index.php\/wp-json\/wp\/v2\/comments?post=498"}],"version-history":[{"count":6,"href":"https:\/\/dfb.funimag.com\/index.php\/wp-json\/wp\/v2\/pages\/498\/revisions"}],"predecessor-version":[{"id":565,"href":"https:\/\/dfb.funimag.com\/index.php\/wp-json\/wp\/v2\/pages\/498\/revisions\/565"}],"up":[{"embeddable":true,"href":"https:\/\/dfb.funimag.com\/index.php\/wp-json\/wp\/v2\/pages\/292"}],"wp:attachment":[{"href":"https:\/\/dfb.funimag.com\/index.php\/wp-json\/wp\/v2\/media?parent=498"}],"curies":[{"name":"wp","href":"https:\/\/api.w.org\/{rel}","templated":true}]}}